{"id":4310,"date":"2018-07-05T12:19:44","date_gmt":"2018-07-05T10:19:44","guid":{"rendered":"https:\/\/www.giduepellami.com\/contacto\/"},"modified":"2023-02-24T12:08:36","modified_gmt":"2023-02-24T11:08:36","slug":"enobrecimento-e-acabamento-de-couro-na-italia-2","status":"publish","type":"page","link":"https:\/\/www.giduepellami.com\/pt-pt\/enobrecimento-e-acabamento-de-couro-na-italia-2\/","title":{"rendered":"contactos"},"content":{"rendered":"\n<style type=\"text\/css\" data-created_by=\"avia_inline_auto\" id=\"style-css-av-14220-d4610b97f778b8ceae3d55b7aedb6c28\">\n.avia-section.av-14220-d4610b97f778b8ceae3d55b7aedb6c28{\nbackground-color:#c0aa57;\nbackground-image:url(https:\/\/www.giduepellami.com\/wp-content\/uploads\/2023\/02\/IMG_8205.jpg);\nbackground-repeat:no-repeat;\nbackground-position:50% 50%;\nbackground-attachment:fixed;\n}\n.avia-section.av-14220-d4610b97f778b8ceae3d55b7aedb6c28 .av-section-color-overlay{\nopacity:0.5;\nbackground-color:#c0aa57;\n}\n<\/style>\n<div id='av_section_1'  class='avia-section av-14220-d4610b97f778b8ceae3d55b7aedb6c28 main_color avia-section-default avia-no-border-styling  avia-builder-el-0  avia-builder-el-no-sibling  avia-full-stretch avia-bg-style-fixed av-section-color-overlay-active av-minimum-height av-minimum-height-75 av-height-75  container_wrap fullsize'  data-section-bg-repeat='stretch' data-av_minimum_height_pc='75' data-av_min_height_opt='75'><div class=\"av-section-color-overlay-wrap\"><div class=\"av-section-color-overlay\"><\/div><div class='container av-section-cont-open' ><main  role=\"main\" itemprop=\"mainContentOfPage\"  class='template-page content  av-content-full alpha units'><div class='post-entry post-entry-type-page post-entry-4310'><div class='entry-content-wrapper clearfix'>\n<div class='flex_column_table av-jjsexx5x-bc78440b4c6639ea2f2984455c8dd719 sc-av_one_half av-equal-height-column-flextable'>\n<style type=\"text\/css\" data-created_by=\"avia_inline_auto\" id=\"style-css-av-jjsexx5x-bc78440b4c6639ea2f2984455c8dd719\">\n.flex_column.av-jjsexx5x-bc78440b4c6639ea2f2984455c8dd719{\nborder-radius:0px 0px 0px 0px;\npadding:0px 0px 0px 0px;\n}\n<\/style>\n<div  class='flex_column av-jjsexx5x-bc78440b4c6639ea2f2984455c8dd719 av_one_half  avia-builder-el-1  el_before_av_one_half  avia-builder-el-first  first no_margin flex_column_table_cell av-equal-height-column av-align-middle av-zero-column-padding  '     ><style type=\"text\/css\" data-created_by=\"avia_inline_auto\" id=\"style-css-av-7rvjq-8ff802444c982d7508a0abcff1f0a0a2\">\n#top .av-special-heading.av-7rvjq-8ff802444c982d7508a0abcff1f0a0a2{\nmargin:0 0 0 0;\npadding-bottom:0;\ncolor:#ffffff;\nfont-size:50px;\n}\nbody .av-special-heading.av-7rvjq-8ff802444c982d7508a0abcff1f0a0a2 .av-special-heading-tag .heading-char{\nfont-size:25px;\n}\n#top #wrap_all .av-special-heading.av-7rvjq-8ff802444c982d7508a0abcff1f0a0a2 .av-special-heading-tag{\nfont-size:50px;\n}\n.av-special-heading.av-7rvjq-8ff802444c982d7508a0abcff1f0a0a2 .special-heading-inner-border{\nborder-color:#ffffff;\n}\n.av-special-heading.av-7rvjq-8ff802444c982d7508a0abcff1f0a0a2 .av-subheading{\nfont-size:25px;\n}\n\n@media only screen and (min-width: 480px) and (max-width: 767px){ \n#top #wrap_all .av-special-heading.av-7rvjq-8ff802444c982d7508a0abcff1f0a0a2 .av-special-heading-tag{\nfont-size:0.8em;\n}\n}\n\n@media only screen and (max-width: 479px){ \n#top #wrap_all .av-special-heading.av-7rvjq-8ff802444c982d7508a0abcff1f0a0a2 .av-special-heading-tag{\nfont-size:0.8em;\n}\n}\n<\/style>\n<div  class='av-special-heading av-7rvjq-8ff802444c982d7508a0abcff1f0a0a2 av-special-heading-h2 custom-color-heading blockquote modern-quote modern-centered  avia-builder-el-2  avia-builder-el-no-sibling  av-inherit-size'><h2 class='av-special-heading-tag '  itemprop=\"headline\"  >Gidue Pellami<\/h2><div class='av_custom_color av-subheading av-subheading_below'><p>os l\u00edderes no acabamento e enobrecimento de couros<\/p>\n<\/div><div class=\"special-heading-border\"><div class=\"special-heading-inner-border\"><\/div><\/div><\/div><\/div>\n<style type=\"text\/css\" data-created_by=\"avia_inline_auto\" id=\"style-css-av-jjsexx5x-1-d6e79fd8889d0eb85b70bb1eeb3a845b\">\n.flex_column.av-jjsexx5x-1-d6e79fd8889d0eb85b70bb1eeb3a845b{\nborder-radius:0px 0px 0px 0px;\npadding:30px 30px 30px 30px;\nbackground-color:#ffffff;\n}\n<\/style>\n<div  class='flex_column av-jjsexx5x-1-d6e79fd8889d0eb85b70bb1eeb3a845b av_one_half  avia-builder-el-3  el_after_av_one_half  avia-builder-el-last  no_margin flex_column_table_cell av-equal-height-column av-align-middle  '     ><style type=\"text\/css\" data-created_by=\"avia_inline_auto\" id=\"style-css-av-jjk6wj5o-c977961f92377df49cca59ba011ee995\">\n#top .av_textblock_section.av-jjk6wj5o-c977961f92377df49cca59ba011ee995 .avia_textblock{\nfont-size:20px;\n}\n<\/style>\n<section  class='av_textblock_section av-jjk6wj5o-c977961f92377df49cca59ba011ee995 '   itemscope=\"itemscope\" itemtype=\"https:\/\/schema.org\/CreativeWork\" ><div class='avia_textblock'  itemprop=\"text\" ><p style=\"text-align: center;\">Via dell\u2019Economia, 11\/A<br \/>\n36070 Castelgomberto (VI)<\/p>\n<p style=\"text-align: center;\">T +39 0445 940149<\/p>\n<\/div><\/section><br \/>\n\n<style type=\"text\/css\" data-created_by=\"avia_inline_auto\" id=\"style-css-av-ldlvs5we-768b18a85a08b523b80d685c4a1e7b1a\">\n#top .hr.av-ldlvs5we-768b18a85a08b523b80d685c4a1e7b1a{\nmargin-top:30px;\nmargin-bottom:30px;\n}\n.hr.av-ldlvs5we-768b18a85a08b523b80d685c4a1e7b1a .hr-inner{\nwidth:30%;\nborder-color:#c0a957;\n}\n<\/style>\n<div  class='hr av-ldlvs5we-768b18a85a08b523b80d685c4a1e7b1a hr-custom  avia-builder-el-5  el_after_av_textblock  el_before_av_textblock  hr-center hr-icon-no'><span class='hr-inner inner-border-av-border-fat'><span class=\"hr-inner-style\"><\/span><\/span><\/div><br \/>\n\n<style type=\"text\/css\" data-created_by=\"avia_inline_auto\" id=\"style-css-av-ldlvrepo-cb8ee6140f274f2c2394a661f1432ef6\">\n#top .av_textblock_section.av-ldlvrepo-cb8ee6140f274f2c2394a661f1432ef6 .avia_textblock{\nfont-size:20px;\n}\n<\/style>\n<section  class='av_textblock_section av-ldlvrepo-cb8ee6140f274f2c2394a661f1432ef6 '   itemscope=\"itemscope\" itemtype=\"https:\/\/schema.org\/CreativeWork\" ><div class='avia_textblock'  itemprop=\"text\" ><p style=\"text-align: center;\">Italy:<br \/>\n<a href=\"mailto:info@giduepellami.it\">info@giduepellami.it<\/a><\/p>\n<p style=\"text-align: center;\">World:<br \/>\n<a href=\"mailto:export@giduepellami.it\">export@giduepellami.it<\/a><\/p>\n<\/div><\/section><br \/>\n\n<style type=\"text\/css\" data-created_by=\"avia_inline_auto\" id=\"style-css-av-ldlvu3p3-6835661da489bcfaef8f6f0d8cbdae84\">\n#top .hr.hr-invisible.av-ldlvu3p3-6835661da489bcfaef8f6f0d8cbdae84{\nheight:30px;\n}\n<\/style>\n<div  class='hr av-ldlvu3p3-6835661da489bcfaef8f6f0d8cbdae84 hr-invisible  avia-builder-el-7  el_after_av_textblock  el_before_av_codeblock '><span class='hr-inner '><span class=\"hr-inner-style\"><\/span><\/span><\/div><br \/>\n<\/p><\/div><\/div><!--close column table wrapper. Autoclose: 1 -->\n","protected":false},"excerpt":{"rendered":"","protected":false},"author":2,"featured_media":0,"parent":0,"menu_order":0,"comment_status":"closed","ping_status":"closed","template":"","meta":{"footnotes":""},"class_list":["post-4310","page","type-page","status-publish","hentry"],"yoast_head":"<!-- This site is optimized with the Yoast SEO plugin v24.3 - https:\/\/yoast.com\/wordpress\/plugins\/seo\/ -->\n<title>enobrecimento e acabamento de couro na It\u00e1lia | Gidue Pellami<\/title>\n<meta name=\"description\" content=\"Gidue Pellami \u00e9 especializada no enobrecimento e acabamento do couro para marroquinaria, cal\u00e7ado, cintos, malas e acess\u00f3rios. Gidue Pellami trabalha em It\u00e1lia.\" \/>\n<meta name=\"robots\" content=\"index, follow, max-snippet:-1, max-image-preview:large, max-video-preview:-1\" \/>\n<link rel=\"canonical\" href=\"https:\/\/www.giduepellami.com\/pt-pt\/enobrecimento-e-acabamento-de-couro-na-italia-2\/\" \/>\n<meta property=\"og:locale\" content=\"pt_PT\" \/>\n<meta property=\"og:type\" content=\"article\" \/>\n<meta property=\"og:title\" content=\"enobrecimento e acabamento de couro na It\u00e1lia | Gidue Pellami\" \/>\n<meta property=\"og:description\" content=\"Gidue Pellami \u00e9 especializada no enobrecimento e acabamento do couro para marroquinaria, cal\u00e7ado, cintos, malas e acess\u00f3rios. Gidue Pellami trabalha em It\u00e1lia.\" \/>\n<meta property=\"og:url\" content=\"https:\/\/www.giduepellami.com\/pt-pt\/enobrecimento-e-acabamento-de-couro-na-italia-2\/\" \/>\n<meta property=\"og:site_name\" content=\"gidue pellami\" \/>\n<meta property=\"article:publisher\" content=\"https:\/\/www.linkedin.com\/company\/gidue-pellami\/\" \/>\n<meta property=\"article:modified_time\" content=\"2023-02-24T11:08:36+00:00\" \/>\n<meta name=\"twitter:card\" content=\"summary_large_image\" \/>\n<meta name=\"twitter:label1\" content=\"Tempo estimado de leitura\" \/>\n\t<meta name=\"twitter:data1\" content=\"2 minutos\" \/>\n<script type=\"application\/ld+json\" class=\"yoast-schema-graph\">{\"@context\":\"https:\/\/schema.org\",\"@graph\":[{\"@type\":\"WebPage\",\"@id\":\"https:\/\/www.giduepellami.com\/pt-pt\/enobrecimento-e-acabamento-de-couro-na-italia-2\/\",\"url\":\"https:\/\/www.giduepellami.com\/pt-pt\/enobrecimento-e-acabamento-de-couro-na-italia-2\/\",\"name\":\"enobrecimento e acabamento de couro na It\u00e1lia | Gidue Pellami\",\"isPartOf\":{\"@id\":\"https:\/\/www.giduepellami.com\/#website\"},\"datePublished\":\"2018-07-05T10:19:44+00:00\",\"dateModified\":\"2023-02-24T11:08:36+00:00\",\"description\":\"Gidue Pellami \u00e9 especializada no enobrecimento e acabamento do couro para marroquinaria, cal\u00e7ado, cintos, malas e acess\u00f3rios. Gidue Pellami trabalha em It\u00e1lia.\",\"breadcrumb\":{\"@id\":\"https:\/\/www.giduepellami.com\/pt-pt\/enobrecimento-e-acabamento-de-couro-na-italia-2\/#breadcrumb\"},\"inLanguage\":\"pt-PT\",\"potentialAction\":[{\"@type\":\"ReadAction\",\"target\":[\"https:\/\/www.giduepellami.com\/pt-pt\/enobrecimento-e-acabamento-de-couro-na-italia-2\/\"]}]},{\"@type\":\"BreadcrumbList\",\"@id\":\"https:\/\/www.giduepellami.com\/pt-pt\/enobrecimento-e-acabamento-de-couro-na-italia-2\/#breadcrumb\",\"itemListElement\":[{\"@type\":\"ListItem\",\"position\":1,\"name\":\"Home\",\"item\":\"https:\/\/www.giduepellami.com\/finitura-nobilitazione-pelli\/\"},{\"@type\":\"ListItem\",\"position\":2,\"name\":\"contactos\"}]},{\"@type\":\"WebSite\",\"@id\":\"https:\/\/www.giduepellami.com\/#website\",\"url\":\"https:\/\/www.giduepellami.com\/\",\"name\":\"gidue pellami\",\"description\":\"Leather Finishing Specialists\",\"publisher\":{\"@id\":\"https:\/\/www.giduepellami.com\/#organization\"},\"potentialAction\":[{\"@type\":\"SearchAction\",\"target\":{\"@type\":\"EntryPoint\",\"urlTemplate\":\"https:\/\/www.giduepellami.com\/?s={search_term_string}\"},\"query-input\":{\"@type\":\"PropertyValueSpecification\",\"valueRequired\":true,\"valueName\":\"search_term_string\"}}],\"inLanguage\":\"pt-PT\"},{\"@type\":\"Organization\",\"@id\":\"https:\/\/www.giduepellami.com\/#organization\",\"name\":\"gidue pellami\",\"url\":\"https:\/\/www.giduepellami.com\/\",\"logo\":{\"@type\":\"ImageObject\",\"inLanguage\":\"pt-PT\",\"@id\":\"https:\/\/www.giduepellami.com\/#\/schema\/logo\/image\/\",\"url\":\"https:\/\/www.giduepellami.com\/wp-content\/uploads\/2018\/07\/gidue_logo-1.png\",\"contentUrl\":\"https:\/\/www.giduepellami.com\/wp-content\/uploads\/2018\/07\/gidue_logo-1.png\",\"width\":743,\"height\":600,\"caption\":\"gidue pellami\"},\"image\":{\"@id\":\"https:\/\/www.giduepellami.com\/#\/schema\/logo\/image\/\"},\"sameAs\":[\"https:\/\/www.linkedin.com\/company\/gidue-pellami\/\"]}]}<\/script>\n<!-- \/ Yoast SEO plugin. -->","yoast_head_json":{"title":"enobrecimento e acabamento de couro na It\u00e1lia | Gidue Pellami","description":"Gidue Pellami \u00e9 especializada no enobrecimento e acabamento do couro para marroquinaria, cal\u00e7ado, cintos, malas e acess\u00f3rios. Gidue Pellami trabalha em It\u00e1lia.","robots":{"index":"index","follow":"follow","max-snippet":"max-snippet:-1","max-image-preview":"max-image-preview:large","max-video-preview":"max-video-preview:-1"},"canonical":"https:\/\/www.giduepellami.com\/pt-pt\/enobrecimento-e-acabamento-de-couro-na-italia-2\/","og_locale":"pt_PT","og_type":"article","og_title":"enobrecimento e acabamento de couro na It\u00e1lia | Gidue Pellami","og_description":"Gidue Pellami \u00e9 especializada no enobrecimento e acabamento do couro para marroquinaria, cal\u00e7ado, cintos, malas e acess\u00f3rios. Gidue Pellami trabalha em It\u00e1lia.","og_url":"https:\/\/www.giduepellami.com\/pt-pt\/enobrecimento-e-acabamento-de-couro-na-italia-2\/","og_site_name":"gidue pellami","article_publisher":"https:\/\/www.linkedin.com\/company\/gidue-pellami\/","article_modified_time":"2023-02-24T11:08:36+00:00","twitter_card":"summary_large_image","twitter_misc":{"Tempo estimado de leitura":"2 minutos"},"schema":{"@context":"https:\/\/schema.org","@graph":[{"@type":"WebPage","@id":"https:\/\/www.giduepellami.com\/pt-pt\/enobrecimento-e-acabamento-de-couro-na-italia-2\/","url":"https:\/\/www.giduepellami.com\/pt-pt\/enobrecimento-e-acabamento-de-couro-na-italia-2\/","name":"enobrecimento e acabamento de couro na It\u00e1lia | Gidue Pellami","isPartOf":{"@id":"https:\/\/www.giduepellami.com\/#website"},"datePublished":"2018-07-05T10:19:44+00:00","dateModified":"2023-02-24T11:08:36+00:00","description":"Gidue Pellami \u00e9 especializada no enobrecimento e acabamento do couro para marroquinaria, cal\u00e7ado, cintos, malas e acess\u00f3rios. Gidue Pellami trabalha em It\u00e1lia.","breadcrumb":{"@id":"https:\/\/www.giduepellami.com\/pt-pt\/enobrecimento-e-acabamento-de-couro-na-italia-2\/#breadcrumb"},"inLanguage":"pt-PT","potentialAction":[{"@type":"ReadAction","target":["https:\/\/www.giduepellami.com\/pt-pt\/enobrecimento-e-acabamento-de-couro-na-italia-2\/"]}]},{"@type":"BreadcrumbList","@id":"https:\/\/www.giduepellami.com\/pt-pt\/enobrecimento-e-acabamento-de-couro-na-italia-2\/#breadcrumb","itemListElement":[{"@type":"ListItem","position":1,"name":"Home","item":"https:\/\/www.giduepellami.com\/finitura-nobilitazione-pelli\/"},{"@type":"ListItem","position":2,"name":"contactos"}]},{"@type":"WebSite","@id":"https:\/\/www.giduepellami.com\/#website","url":"https:\/\/www.giduepellami.com\/","name":"gidue pellami","description":"Leather Finishing Specialists","publisher":{"@id":"https:\/\/www.giduepellami.com\/#organization"},"potentialAction":[{"@type":"SearchAction","target":{"@type":"EntryPoint","urlTemplate":"https:\/\/www.giduepellami.com\/?s={search_term_string}"},"query-input":{"@type":"PropertyValueSpecification","valueRequired":true,"valueName":"search_term_string"}}],"inLanguage":"pt-PT"},{"@type":"Organization","@id":"https:\/\/www.giduepellami.com\/#organization","name":"gidue pellami","url":"https:\/\/www.giduepellami.com\/","logo":{"@type":"ImageObject","inLanguage":"pt-PT","@id":"https:\/\/www.giduepellami.com\/#\/schema\/logo\/image\/","url":"https:\/\/www.giduepellami.com\/wp-content\/uploads\/2018\/07\/gidue_logo-1.png","contentUrl":"https:\/\/www.giduepellami.com\/wp-content\/uploads\/2018\/07\/gidue_logo-1.png","width":743,"height":600,"caption":"gidue pellami"},"image":{"@id":"https:\/\/www.giduepellami.com\/#\/schema\/logo\/image\/"},"sameAs":["https:\/\/www.linkedin.com\/company\/gidue-pellami\/"]}]}},"_links":{"self":[{"href":"https:\/\/www.giduepellami.com\/pt-pt\/wp-json\/wp\/v2\/pages\/4310","targetHints":{"allow":["GET"]}}],"collection":[{"href":"https:\/\/www.giduepellami.com\/pt-pt\/wp-json\/wp\/v2\/pages"}],"about":[{"href":"https:\/\/www.giduepellami.com\/pt-pt\/wp-json\/wp\/v2\/types\/page"}],"author":[{"embeddable":true,"href":"https:\/\/www.giduepellami.com\/pt-pt\/wp-json\/wp\/v2\/users\/2"}],"replies":[{"embeddable":true,"href":"https:\/\/www.giduepellami.com\/pt-pt\/wp-json\/wp\/v2\/comments?post=4310"}],"version-history":[{"count":3,"href":"https:\/\/www.giduepellami.com\/pt-pt\/wp-json\/wp\/v2\/pages\/4310\/revisions"}],"predecessor-version":[{"id":4429,"href":"https:\/\/www.giduepellami.com\/pt-pt\/wp-json\/wp\/v2\/pages\/4310\/revisions\/4429"}],"wp:attachment":[{"href":"https:\/\/www.giduepellami.com\/pt-pt\/wp-json\/wp\/v2\/media?parent=4310"}],"curies":[{"name":"wp","href":"https:\/\/api.w.org\/{rel}","templated":true}]}}